{"id":14,"date":"2026-03-18T01:03:57","date_gmt":"2026-03-18T01:03:57","guid":{"rendered":"https:\/\/unbanx.online\/?page_id=14"},"modified":"2026-03-18T02:16:02","modified_gmt":"2026-03-18T02:16:02","slug":"a-propos-de-nous","status":"publish","type":"page","link":"https:\/\/unbanx.online\/fr\/about-us\/","title":{"rendered":"\u00c0 propos de nous"},"content":{"rendered":"","protected":false},"excerpt":{"rendered":"","protected":false},"author":1,"featured_media":0,"parent":0,"menu_order":0,"comment_status":"closed","ping_status":"closed","template":"page-about.php","meta":{"footnotes":""},"class_list":["post-14","page","type-page","status-publish","hentry"],"yoast_head":"<!-- This site is optimized with the Yoast SEO plugin v27.2 - https:\/\/yoast.com\/product\/yoast-seo-wordpress\/ -->\n<title>About Us Unbanx | Data-Driven Investing &amp; Financial Innovation<\/title>\n<meta name=\"description\" content=\"Learn how our platform empowers users with financial data control and automated investment tools designed for transparency, security, and long-term growth.\" \/>\n<meta name=\"robots\" content=\"index, follow, max-snippet:-1, max-image-preview:large, max-video-preview:-1\" \/>\n<link rel=\"canonical\" href=\"https:\/\/unbanx.online\/fr\/a-propos-de-nous\/\" \/>\n<meta property=\"og:locale\" content=\"fr_FR\" \/>\n<meta property=\"og:type\" content=\"article\" \/>\n<meta property=\"og:title\" content=\"About Us Unbanx | Data-Driven Investing &amp; Financial Innovation\" \/>\n<meta property=\"og:description\" content=\"Learn how our platform empowers users with financial data control and automated investment tools designed for transparency, security, and long-term growth.\" \/>\n<meta property=\"og:url\" content=\"https:\/\/unbanx.online\/fr\/a-propos-de-nous\/\" \/>\n<meta property=\"og:site_name\" content=\"Unbanx\" \/>\n<meta property=\"article:modified_time\" content=\"2026-03-18T02:16:02+00:00\" \/>\n<meta name=\"twitter:card\" content=\"summary_large_image\" \/>\n<script type=\"application\/ld+json\" class=\"yoast-schema-graph\">{\"@context\":\"https:\/\/schema.org\",\"@graph\":[{\"@type\":\"WebPage\",\"@id\":\"https:\/\/unbanx.online\/about-us\/\",\"url\":\"https:\/\/unbanx.online\/about-us\/\",\"name\":\"About Us Unbanx | Data-Driven Investing & Financial Innovation\",\"isPartOf\":{\"@id\":\"https:\/\/unbanx.online\/#website\"},\"datePublished\":\"2026-03-18T01:03:57+00:00\",\"dateModified\":\"2026-03-18T02:16:02+00:00\",\"description\":\"Learn how our platform empowers users with financial data control and automated investment tools designed for transparency, security, and long-term growth.\",\"breadcrumb\":{\"@id\":\"https:\/\/unbanx.online\/about-us\/#breadcrumb\"},\"inLanguage\":\"fr-FR\",\"potentialAction\":[{\"@type\":\"ReadAction\",\"target\":[\"https:\/\/unbanx.online\/about-us\/\"]}]},{\"@type\":\"BreadcrumbList\",\"@id\":\"https:\/\/unbanx.online\/about-us\/#breadcrumb\",\"itemListElement\":[{\"@type\":\"ListItem\",\"position\":1,\"name\":\"Home\",\"item\":\"https:\/\/unbanx.online\/\"},{\"@type\":\"ListItem\",\"position\":2,\"name\":\"About Us\"}]},{\"@type\":\"WebSite\",\"@id\":\"https:\/\/unbanx.online\/#website\",\"url\":\"https:\/\/unbanx.online\/\",\"name\":\"Unbanx\",\"description\":\"Smart Investment Platform | Data-Driven &amp; Automated Solutions\",\"publisher\":{\"@id\":\"https:\/\/unbanx.online\/#organization\"},\"potentialAction\":[{\"@type\":\"SearchAction\",\"target\":{\"@type\":\"EntryPoint\",\"urlTemplate\":\"https:\/\/unbanx.online\/?s={search_term_string}\"},\"query-input\":{\"@type\":\"PropertyValueSpecification\",\"valueRequired\":true,\"valueName\":\"search_term_string\"}}],\"inLanguage\":\"fr-FR\"},{\"@type\":\"Organization\",\"@id\":\"https:\/\/unbanx.online\/#organization\",\"name\":\"Unbanx\",\"url\":\"https:\/\/unbanx.online\/\",\"logo\":{\"@type\":\"ImageObject\",\"inLanguage\":\"fr-FR\",\"@id\":\"https:\/\/unbanx.online\/#\/schema\/logo\/image\/\",\"url\":\"https:\/\/unbanx.online\/wp-content\/uploads\/2026\/03\/logo.png\",\"contentUrl\":\"https:\/\/unbanx.online\/wp-content\/uploads\/2026\/03\/logo.png\",\"width\":970,\"height\":250,\"caption\":\"Unbanx\"},\"image\":{\"@id\":\"https:\/\/unbanx.online\/#\/schema\/logo\/image\/\"}}]}<\/script>\n<!-- \/ Yoast SEO plugin. -->","yoast_head_json":{"title":"A propos de nous Unbanx | Data-Driven Investing &amp; Financial Innovation","description":"D\u00e9couvrez comment notre plateforme permet aux utilisateurs de contr\u00f4ler leurs donn\u00e9es financi\u00e8res et de disposer d'outils d'investissement automatis\u00e9s con\u00e7us pour assurer la transparence, la s\u00e9curit\u00e9 et la croissance \u00e0 long terme.","robots":{"index":"index","follow":"follow","max-snippet":"max-snippet:-1","max-image-preview":"max-image-preview:large","max-video-preview":"max-video-preview:-1"},"canonical":"https:\/\/unbanx.online\/fr\/a-propos-de-nous\/","og_locale":"fr_FR","og_type":"article","og_title":"About Us Unbanx | Data-Driven Investing & Financial Innovation","og_description":"Learn how our platform empowers users with financial data control and automated investment tools designed for transparency, security, and long-term growth.","og_url":"https:\/\/unbanx.online\/fr\/a-propos-de-nous\/","og_site_name":"Unbanx","article_modified_time":"2026-03-18T02:16:02+00:00","twitter_card":"summary_large_image","schema":{"@context":"https:\/\/schema.org","@graph":[{"@type":"WebPage","@id":"https:\/\/unbanx.online\/about-us\/","url":"https:\/\/unbanx.online\/about-us\/","name":"A propos de nous Unbanx | Data-Driven Investing &amp; Financial Innovation","isPartOf":{"@id":"https:\/\/unbanx.online\/#website"},"datePublished":"2026-03-18T01:03:57+00:00","dateModified":"2026-03-18T02:16:02+00:00","description":"D\u00e9couvrez comment notre plateforme permet aux utilisateurs de contr\u00f4ler leurs donn\u00e9es financi\u00e8res et de disposer d'outils d'investissement automatis\u00e9s con\u00e7us pour assurer la transparence, la s\u00e9curit\u00e9 et la croissance \u00e0 long terme.","breadcrumb":{"@id":"https:\/\/unbanx.online\/about-us\/#breadcrumb"},"inLanguage":"fr-FR","potentialAction":[{"@type":"ReadAction","target":["https:\/\/unbanx.online\/about-us\/"]}]},{"@type":"BreadcrumbList","@id":"https:\/\/unbanx.online\/about-us\/#breadcrumb","itemListElement":[{"@type":"ListItem","position":1,"name":"Home","item":"https:\/\/unbanx.online\/"},{"@type":"ListItem","position":2,"name":"About Us"}]},{"@type":"WebSite","@id":"https:\/\/unbanx.online\/#website","url":"https:\/\/unbanx.online\/","name":"Unbanx","description":"Plateforme d'investissement intelligente - Solutions automatis\u00e9es et bas\u00e9es sur les donn\u00e9es","publisher":{"@id":"https:\/\/unbanx.online\/#organization"},"potentialAction":[{"@type":"SearchAction","target":{"@type":"EntryPoint","urlTemplate":"https:\/\/unbanx.online\/?s={search_term_string}"},"query-input":{"@type":"PropertyValueSpecification","valueRequired":true,"valueName":"search_term_string"}}],"inLanguage":"fr-FR"},{"@type":"Organization","@id":"https:\/\/unbanx.online\/#organization","name":"Unbanx","url":"https:\/\/unbanx.online\/","logo":{"@type":"ImageObject","inLanguage":"fr-FR","@id":"https:\/\/unbanx.online\/#\/schema\/logo\/image\/","url":"https:\/\/unbanx.online\/wp-content\/uploads\/2026\/03\/logo.png","contentUrl":"https:\/\/unbanx.online\/wp-content\/uploads\/2026\/03\/logo.png","width":970,"height":250,"caption":"Unbanx"},"image":{"@id":"https:\/\/unbanx.online\/#\/schema\/logo\/image\/"}}]}},"_links":{"self":[{"href":"https:\/\/unbanx.online\/fr\/wp-json\/wp\/v2\/pages\/14","targetHints":{"allow":["GET"]}}],"collection":[{"href":"https:\/\/unbanx.online\/fr\/wp-json\/wp\/v2\/pages"}],"about":[{"href":"https:\/\/unbanx.online\/fr\/wp-json\/wp\/v2\/types\/page"}],"author":[{"embeddable":true,"href":"https:\/\/unbanx.online\/fr\/wp-json\/wp\/v2\/users\/1"}],"replies":[{"embeddable":true,"href":"https:\/\/unbanx.online\/fr\/wp-json\/wp\/v2\/comments?post=14"}],"version-history":[{"count":1,"href":"https:\/\/unbanx.online\/fr\/wp-json\/wp\/v2\/pages\/14\/revisions"}],"predecessor-version":[{"id":15,"href":"https:\/\/unbanx.online\/fr\/wp-json\/wp\/v2\/pages\/14\/revisions\/15"}],"wp:attachment":[{"href":"https:\/\/unbanx.online\/fr\/wp-json\/wp\/v2\/media?parent=14"}],"curies":[{"name":"wp","href":"https:\/\/api.w.org\/{rel}","templated":true}]}}