{"id":32,"date":"2026-03-18T01:24:56","date_gmt":"2026-03-18T01:24:56","guid":{"rendered":"https:\/\/unbanx.online\/?page_id=32"},"modified":"2026-03-18T02:19:36","modified_gmt":"2026-03-18T02:19:36","slug":"nous-contacter","status":"publish","type":"page","link":"https:\/\/unbanx.online\/fr\/contact-us\/","title":{"rendered":"Nous contacter"},"content":{"rendered":"","protected":false},"excerpt":{"rendered":"","protected":false},"author":1,"featured_media":0,"parent":0,"menu_order":0,"comment_status":"closed","ping_status":"closed","template":"page-contact.php","meta":{"footnotes":""},"class_list":["post-32","page","type-page","status-publish","hentry"],"yoast_head":"<!-- This site is optimized with the Yoast SEO plugin v27.2 - https:\/\/yoast.com\/product\/yoast-seo-wordpress\/ -->\n<title>Contact Us Unbanx | Get Support &amp; Start Your Investment Journey<\/title>\n<meta name=\"description\" content=\"Have questions? Contact our support team for help with automated investing, account setup, and financial data tools. Fast and reliable assistance.\" \/>\n<meta name=\"robots\" content=\"index, follow, max-snippet:-1, max-image-preview:large, max-video-preview:-1\" \/>\n<link rel=\"canonical\" href=\"https:\/\/unbanx.online\/fr\/nous-contacter\/\" \/>\n<meta property=\"og:locale\" content=\"fr_FR\" \/>\n<meta property=\"og:type\" content=\"article\" \/>\n<meta property=\"og:title\" content=\"Contact Us Unbanx | Get Support &amp; Start Your Investment Journey\" \/>\n<meta property=\"og:description\" content=\"Have questions? Contact our support team for help with automated investing, account setup, and financial data tools. Fast and reliable assistance.\" \/>\n<meta property=\"og:url\" content=\"https:\/\/unbanx.online\/fr\/nous-contacter\/\" \/>\n<meta property=\"og:site_name\" content=\"Unbanx\" \/>\n<meta property=\"article:modified_time\" content=\"2026-03-18T02:19:36+00:00\" \/>\n<meta name=\"twitter:card\" content=\"summary_large_image\" \/>\n<script type=\"application\/ld+json\" class=\"yoast-schema-graph\">{\"@context\":\"https:\/\/schema.org\",\"@graph\":[{\"@type\":\"WebPage\",\"@id\":\"https:\/\/unbanx.online\/contact-us\/\",\"url\":\"https:\/\/unbanx.online\/contact-us\/\",\"name\":\"Contact Us Unbanx | Get Support & Start Your Investment Journey\",\"isPartOf\":{\"@id\":\"https:\/\/unbanx.online\/#website\"},\"datePublished\":\"2026-03-18T01:24:56+00:00\",\"dateModified\":\"2026-03-18T02:19:36+00:00\",\"description\":\"Have questions? Contact our support team for help with automated investing, account setup, and financial data tools. Fast and reliable assistance.\",\"breadcrumb\":{\"@id\":\"https:\/\/unbanx.online\/contact-us\/#breadcrumb\"},\"inLanguage\":\"fr-FR\",\"potentialAction\":[{\"@type\":\"ReadAction\",\"target\":[\"https:\/\/unbanx.online\/contact-us\/\"]}]},{\"@type\":\"BreadcrumbList\",\"@id\":\"https:\/\/unbanx.online\/contact-us\/#breadcrumb\",\"itemListElement\":[{\"@type\":\"ListItem\",\"position\":1,\"name\":\"Home\",\"item\":\"https:\/\/unbanx.online\/\"},{\"@type\":\"ListItem\",\"position\":2,\"name\":\"Contact Us\"}]},{\"@type\":\"WebSite\",\"@id\":\"https:\/\/unbanx.online\/#website\",\"url\":\"https:\/\/unbanx.online\/\",\"name\":\"Unbanx\",\"description\":\"Smart Investment Platform | Data-Driven &amp; Automated Solutions\",\"publisher\":{\"@id\":\"https:\/\/unbanx.online\/#organization\"},\"potentialAction\":[{\"@type\":\"SearchAction\",\"target\":{\"@type\":\"EntryPoint\",\"urlTemplate\":\"https:\/\/unbanx.online\/?s={search_term_string}\"},\"query-input\":{\"@type\":\"PropertyValueSpecification\",\"valueRequired\":true,\"valueName\":\"search_term_string\"}}],\"inLanguage\":\"fr-FR\"},{\"@type\":\"Organization\",\"@id\":\"https:\/\/unbanx.online\/#organization\",\"name\":\"Unbanx\",\"url\":\"https:\/\/unbanx.online\/\",\"logo\":{\"@type\":\"ImageObject\",\"inLanguage\":\"fr-FR\",\"@id\":\"https:\/\/unbanx.online\/#\/schema\/logo\/image\/\",\"url\":\"https:\/\/unbanx.online\/wp-content\/uploads\/2026\/03\/logo.png\",\"contentUrl\":\"https:\/\/unbanx.online\/wp-content\/uploads\/2026\/03\/logo.png\",\"width\":970,\"height\":250,\"caption\":\"Unbanx\"},\"image\":{\"@id\":\"https:\/\/unbanx.online\/#\/schema\/logo\/image\/\"}}]}<\/script>\n<!-- \/ Yoast SEO plugin. -->","yoast_head_json":{"title":"Contactez-nous Unbanx | Obtenez de l'aide et commencez votre voyage d'investissement","description":"Vous avez des questions ? Contactez notre \u00e9quipe d'assistance pour obtenir de l'aide sur l'investissement automatis\u00e9, la configuration des comptes et les outils de donn\u00e9es financi\u00e8res. Une assistance rapide et fiable.","robots":{"index":"index","follow":"follow","max-snippet":"max-snippet:-1","max-image-preview":"max-image-preview:large","max-video-preview":"max-video-preview:-1"},"canonical":"https:\/\/unbanx.online\/fr\/nous-contacter\/","og_locale":"fr_FR","og_type":"article","og_title":"Contact Us Unbanx | Get Support & Start Your Investment Journey","og_description":"Have questions? Contact our support team for help with automated investing, account setup, and financial data tools. Fast and reliable assistance.","og_url":"https:\/\/unbanx.online\/fr\/nous-contacter\/","og_site_name":"Unbanx","article_modified_time":"2026-03-18T02:19:36+00:00","twitter_card":"summary_large_image","schema":{"@context":"https:\/\/schema.org","@graph":[{"@type":"WebPage","@id":"https:\/\/unbanx.online\/contact-us\/","url":"https:\/\/unbanx.online\/contact-us\/","name":"Contactez-nous Unbanx | Obtenez de l'aide et commencez votre voyage d'investissement","isPartOf":{"@id":"https:\/\/unbanx.online\/#website"},"datePublished":"2026-03-18T01:24:56+00:00","dateModified":"2026-03-18T02:19:36+00:00","description":"Vous avez des questions ? Contactez notre \u00e9quipe d'assistance pour obtenir de l'aide sur l'investissement automatis\u00e9, la configuration des comptes et les outils de donn\u00e9es financi\u00e8res. Une assistance rapide et fiable.","breadcrumb":{"@id":"https:\/\/unbanx.online\/contact-us\/#breadcrumb"},"inLanguage":"fr-FR","potentialAction":[{"@type":"ReadAction","target":["https:\/\/unbanx.online\/contact-us\/"]}]},{"@type":"BreadcrumbList","@id":"https:\/\/unbanx.online\/contact-us\/#breadcrumb","itemListElement":[{"@type":"ListItem","position":1,"name":"Home","item":"https:\/\/unbanx.online\/"},{"@type":"ListItem","position":2,"name":"Contact Us"}]},{"@type":"WebSite","@id":"https:\/\/unbanx.online\/#website","url":"https:\/\/unbanx.online\/","name":"Unbanx","description":"Plateforme d'investissement intelligente - Solutions automatis\u00e9es et bas\u00e9es sur les donn\u00e9es","publisher":{"@id":"https:\/\/unbanx.online\/#organization"},"potentialAction":[{"@type":"SearchAction","target":{"@type":"EntryPoint","urlTemplate":"https:\/\/unbanx.online\/?s={search_term_string}"},"query-input":{"@type":"PropertyValueSpecification","valueRequired":true,"valueName":"search_term_string"}}],"inLanguage":"fr-FR"},{"@type":"Organization","@id":"https:\/\/unbanx.online\/#organization","name":"Unbanx","url":"https:\/\/unbanx.online\/","logo":{"@type":"ImageObject","inLanguage":"fr-FR","@id":"https:\/\/unbanx.online\/#\/schema\/logo\/image\/","url":"https:\/\/unbanx.online\/wp-content\/uploads\/2026\/03\/logo.png","contentUrl":"https:\/\/unbanx.online\/wp-content\/uploads\/2026\/03\/logo.png","width":970,"height":250,"caption":"Unbanx"},"image":{"@id":"https:\/\/unbanx.online\/#\/schema\/logo\/image\/"}}]}},"_links":{"self":[{"href":"https:\/\/unbanx.online\/fr\/wp-json\/wp\/v2\/pages\/32","targetHints":{"allow":["GET"]}}],"collection":[{"href":"https:\/\/unbanx.online\/fr\/wp-json\/wp\/v2\/pages"}],"about":[{"href":"https:\/\/unbanx.online\/fr\/wp-json\/wp\/v2\/types\/page"}],"author":[{"embeddable":true,"href":"https:\/\/unbanx.online\/fr\/wp-json\/wp\/v2\/users\/1"}],"replies":[{"embeddable":true,"href":"https:\/\/unbanx.online\/fr\/wp-json\/wp\/v2\/comments?post=32"}],"version-history":[{"count":1,"href":"https:\/\/unbanx.online\/fr\/wp-json\/wp\/v2\/pages\/32\/revisions"}],"predecessor-version":[{"id":33,"href":"https:\/\/unbanx.online\/fr\/wp-json\/wp\/v2\/pages\/32\/revisions\/33"}],"wp:attachment":[{"href":"https:\/\/unbanx.online\/fr\/wp-json\/wp\/v2\/media?parent=32"}],"curies":[{"name":"wp","href":"https:\/\/api.w.org\/{rel}","templated":true}]}}